{"id":1205,"date":"2022-10-07T12:36:45","date_gmt":"2022-10-07T10:36:45","guid":{"rendered":"https:\/\/www.milvusdent.sk\/foglalas\/"},"modified":"2025-02-14T12:40:48","modified_gmt":"2025-02-14T11:40:48","slug":"foglalas","status":"publish","type":"page","link":"https:\/\/www.milvusdent.sk\/hu\/foglalas\/","title":{"rendered":"Foglal\u00e1s"},"content":{"rendered":"\t\t<div data-elementor-type=\"wp-page\" data-elementor-id=\"1205\" class=\"elementor elementor-1205 elementor-366\" data-elementor-post-type=\"page\">\n\t\t\t\t\t\t<section class=\"elementor-section elementor-top-section elementor-element elementor-element-cb70327 elementor-hidden-desktop elementor-hidden-tablet elementor-hidden-mobile elementor-section-boxed elementor-section-height-default elementor-section-height-default\" data-id=\"cb70327\" data-element_type=\"section\">\n\t\t\t\t\t\t<div class=\"elementor-container elementor-column-gap-default\">\n\t\t\t\t\t<div class=\"elementor-column elementor-col-100 elementor-top-column elementor-element elementor-element-4d79837\" data-id=\"4d79837\" data-element_type=\"column\">\n\t\t\t<div class=\"elementor-widget-wrap elementor-element-populated\">\n\t\t\t\t\t\t<div class=\"elementor-element elementor-element-e2f81e4 elementor-widget elementor-widget-booknetic\" data-id=\"e2f81e4\" data-element_type=\"widget\" data-widget_type=\"booknetic.default\">\n\t\t\t\t<div class=\"elementor-widget-container\">\n\t\t\t<div id=\"bookneticElementorContainer\">\r\n<div id=\"booknetic_progress\" class=\"booknetic_progress_waiting booknetic_progress_done\"><dt><\/dt><dd><\/dd><\/div>\r\n\r\n<div class=\"booknetic_appointment\" id=\"booknetic_theme_7\">\r\n\t<div class=\"booknetic_appointment_steps has-logo\">\r\n\t\t\t\t<div class=\"booknetic_company_logo\">\r\n\t\t\t<img decoding=\"async\" src=\"https:\/\/www.milvusdent.sk\/wp-content\/uploads\/booknetic\/settings\/fa9591fc3c2dde05b70a464914405144.png\">\r\n\t\t<\/div>\r\n\t\t\t\t<div class=\"booknetic_appointment_steps_body\">\r\n\t\t\t                <div class=\"need_copy  booknetic_appointment_step_element\"  data-step-id=\"location\" data-loader=\"card1\" data-title=\"Select location\" >\r\n                    <span class=\"booknetic_badge\"><\/span>\r\n                    <span class=\"booknetic_step_title\"> Location<\/span>\r\n                <\/div>\r\n                                <div class=\"need_copy  booknetic_appointment_step_element\"  data-step-id=\"service\" data-loader=\"card2\" data-title=\"Select service\"  data-service-category=\"\">\r\n                    <span class=\"booknetic_badge\"><\/span>\r\n                    <span class=\"booknetic_step_title\"> Service<\/span>\r\n                <\/div>\r\n                                <div class=\"need_copy  booknetic_appointment_step_element\"  data-step-id=\"service_extras\" data-loader=\"card2\" data-title=\"Select service extras\" >\r\n                    <span class=\"booknetic_badge\"><\/span>\r\n                    <span class=\"booknetic_step_title\"> Service Extras<\/span>\r\n                <\/div>\r\n                                <div class=\"need_copy  booknetic_appointment_step_element\"  data-step-id=\"staff\" data-loader=\"card1\" data-title=\"Select staff\" >\r\n                    <span class=\"booknetic_badge\"><\/span>\r\n                    <span class=\"booknetic_step_title\"> Staff<\/span>\r\n                <\/div>\r\n                                <div class=\"need_copy  booknetic_appointment_step_element\"  data-step-id=\"date_time\" data-loader=\"card3\" data-title=\"Select Date &amp; Time\" >\r\n                    <span class=\"booknetic_badge\"><\/span>\r\n                    <span class=\"booknetic_step_title\"> Date &amp; Time<\/span>\r\n                <\/div>\r\n                                <div class=\"need_copy  booknetic_appointment_step_element booknetic_menu_hidden\"  data-step-id=\"recurring_info\" data-loader=\"card3\" data-title=\"Recurring info\" >\r\n                    <span class=\"booknetic_badge\"><\/span>\r\n                    <span class=\"booknetic_step_title\"> Recurring info<\/span>\r\n                <\/div>\r\n                                <div class=\"need_copy  booknetic_appointment_step_element\"  data-step-id=\"information\" data-loader=\"card3\" data-title=\"Fill information\" >\r\n                    <span class=\"booknetic_badge\"><\/span>\r\n                    <span class=\"booknetic_step_title\"> Information<\/span>\r\n                <\/div>\r\n                                <div class=\" booknetic_appointment_step_element\"  data-step-id=\"cart\" data-loader=\"card3\" data-title=\"Add to cart\" >\r\n                    <span class=\"booknetic_badge\"><\/span>\r\n                    <span class=\"booknetic_step_title\"> Cart<\/span>\r\n                <\/div>\r\n                                <div class=\" booknetic_appointment_step_element\"  data-step-id=\"confirm_details\" data-loader=\"card3\" data-title=\"Confirm Details\" >\r\n                    <span class=\"booknetic_badge\"><\/span>\r\n                    <span class=\"booknetic_step_title\"> Confirmation<\/span>\r\n                <\/div>\r\n                        <\/div>\r\n        <div class=\"booknetic_appointment_steps_footer\">\r\n            <div class=\"booknetic_appointment_steps_footer_txt1\">Have any questions?<\/div>\r\n            <div class=\"booknetic_appointment_steps_footer_txt2\">0907 177 175<\/div>\r\n        <\/div>\r\n    <\/div>\r\n    <div class=\"booknetic_appointment_container\">\r\n\r\n        <div class=\"booknetic_appointment_container_header\">\r\n            <div class=\"booknetic_appointment_container_header_text\"><\/div>\r\n                        <div class=\"booknetic_appointment_container_header_cart booknetic_hidden\">\r\n                <div class=\"booknetic-appointment-container-cart-btn \">\r\n                    <img decoding=\"async\" src=\"https:\/\/www.milvusdent.sk\/wp-content\/plugins\/booknetic\/app\/Frontend\/assets\/icons\/cart.svg\" alt=\"\">\r\n                    <span>0<\/span>\r\n                <\/div>\r\n            <\/div>\r\n                    <\/div>\r\n        <div class=\"booknetic_appointment_container_body\">\r\n\r\n            <div class=\"booknetic_preloader_card1_box booknetic_hidden\">\r\n\r\n                <div class=\"booknetic_preloader_card1\">\r\n                    <div class=\"booknetic_preloader_card1_image\"><\/div>\r\n                    <div class=\"booknetic_preloader_card1_description\"><\/div>\r\n                <\/div>\r\n\r\n                <div class=\"booknetic_preloader_card1\">\r\n                    <div class=\"booknetic_preloader_card1_image\"><\/div>\r\n                    <div class=\"booknetic_preloader_card1_description\"><\/div>\r\n                <\/div>\r\n\r\n                <div class=\"booknetic_preloader_card1\">\r\n                    <div class=\"booknetic_preloader_card1_image\"><\/div>\r\n                    <div class=\"booknetic_preloader_card1_description\"><\/div>\r\n                <\/div>\r\n\r\n            <\/div>\r\n\r\n            <div class=\"booknetic_preloader_card2_box booknetic_hidden\">\r\n                <div class=\"booknetic_preloader_card2\">\r\n                    <div class=\"booknetic_preloader_card2_image\"><\/div>\r\n                    <div class=\"booknetic_preloader_card2_description\"><\/div>\r\n                <\/div>\r\n\r\n                <div class=\"booknetic_preloader_card2\">\r\n                    <div class=\"booknetic_preloader_card2_image\"><\/div>\r\n                    <div class=\"booknetic_preloader_card2_description\"><\/div>\r\n                <\/div>\r\n\r\n                <div class=\"booknetic_preloader_card2\">\r\n                    <div class=\"booknetic_preloader_card2_image\"><\/div>\r\n                    <div class=\"booknetic_preloader_card2_description\"><\/div>\r\n                <\/div>\r\n            <\/div>\r\n\r\n            <div class=\"booknetic_preloader_card3_box booknetic_hidden\">\r\n                <div class=\"booknetic_preloader_card3\"><\/div>\r\n                <div class=\"booknetic_preloader_card3\"><\/div>\r\n                <div class=\"booknetic_preloader_card3\"><\/div>\r\n                <div class=\"booknetic_preloader_card3\"><\/div>\r\n            <\/div>\r\n\r\n            <div class=\"booknetic_need_copy\" >\r\n                <div data-step-id=\"location\" class=\"booknetic_hidden\"><\/div>\r\n                <div data-step-id=\"staff\" class=\"booknetic_hidden\"><\/div>\r\n                <div data-step-id=\"service\" class=\"booknetic_hidden\"><\/div>\r\n                <div data-step-id=\"service_extras\" class=\"booknetic_hidden\"><\/div>\r\n                <div data-step-id=\"date_time\" class=\"booknetic_hidden\"><\/div>\r\n                <div data-step-id=\"recurring_info\" class=\"booknetic_hidden\"><\/div>\r\n                <div data-step-id=\"information\" class=\"booknetic_hidden\"><\/div>\r\n            <\/div>\r\n            <div data-step-id=\"cart\" class=\"booknetic_hidden\"><\/div>\r\n            <div data-step-id=\"confirm_details\" class=\"booknetic_hidden\"><\/div>\r\n\r\n            <div class=\"booknetic_appointment_finished_with_error booknetic_hidden\">\r\n                <img decoding=\"async\" src=\"https:\/\/www.milvusdent.sk\/wp-content\/plugins\/booknetic\/app\/Frontend\/assets\/images\/payment-error.svg\">\r\n                <div>We aren\u2019t able to process your payment. Please, try again.<\/div>\r\n            <\/div>\r\n\r\n        <\/div>\r\n        <div class=\"booknetic_appointment_container_footer\">\r\n            <button type=\"button\" class=\"booknetic_btn_secondary booknetic_prev_step\">BACK<\/button>\r\n            <div class=\"booknetic_warning_message\"><\/div>\r\n            <button type=\"button\" class=\"booknetic_btn_primary booknetic_next_step booknetic_next_step_btn\">NEXT STEP<\/button>\r\n            <button type=\"button\" class=\"booknetic_btn_primary booknetic_next_step booknetic_confirm_booking_btn\">CONFIRM BOOKING<\/button>\r\n            <button type=\"button\" class=\"booknetic_btn_primary booknetic_hidden booknetic_try_again_btn\">TRY AGAIN<\/button>\r\n        <\/div>\r\n    <\/div>\r\n    <div class=\"booknetic_appointment_finished\">\r\n        <div class=\"booknetic_appointment_finished_icon\"><img decoding=\"async\" src=\"https:\/\/www.milvusdent.sk\/wp-content\/plugins\/booknetic\/app\/Frontend\/assets\/icons\/status-ok.svg\"><\/div>\r\n        <div class=\"booknetic_appointment_finished_title\">Thank you for your request!<\/div>\r\n        <div class=\"booknetic_appointment_finished_subtitle\">Your confirmation number:<\/div>\r\n        <div class=\"booknetic_appointment_finished_code\"><\/div>\r\n        <div class=\"booknetic_appointment_finished_actions\">\r\n            <button type=\"button\" id=\"booknetic_add_to_google_calendar_btn\" class=\"booknetic_btn_secondary\"><img decoding=\"async\" src=\"https:\/\/www.milvusdent.sk\/wp-content\/plugins\/booknetic\/app\/Frontend\/assets\/icons\/calendar.svg\"> ADD TO GOOGLE CALENDAR<\/button>\r\n            <a id=\"booknetic_add_to_icalendar_btn\" download=\"event.ics\" class=\"booknetic_btn_secondary\"><img decoding=\"async\" src=\"https:\/\/www.milvusdent.sk\/wp-content\/plugins\/booknetic\/app\/Frontend\/assets\/icons\/calendar.svg\"> ADD TO iCAL CALENDAR<\/a>\r\n            <button type=\"button\" id=\"booknetic_start_new_booking_btn\" class=\"booknetic_btn_secondary booknetic_hidden\"><img decoding=\"async\" src=\"https:\/\/www.milvusdent.sk\/wp-content\/plugins\/booknetic\/app\/Frontend\/assets\/icons\/plus.svg\"> START NEW BOOKING<\/button>\r\n            <button type=\"button\" id=\"booknetic_finish_btn\" class=\"booknetic_btn_secondary\" data-redirect-url=\"\"><img decoding=\"async\" src=\"https:\/\/www.milvusdent.sk\/wp-content\/plugins\/booknetic\/app\/Frontend\/assets\/icons\/check-small.svg\"> FINISH BOOKING<\/button>\r\n        <\/div>\r\n    <\/div>\r\n    <\/div>\r\n\r\n<\/div>\t\t<\/div>\n\t\t\t\t<\/div>\n\t\t\t\t<div class=\"elementor-element elementor-element-8614d5b elementor-widget elementor-widget-spacer\" data-id=\"8614d5b\" data-element_type=\"widget\" data-widget_type=\"spacer.default\">\n\t\t\t\t<div class=\"elementor-widget-container\">\n\t\t\t<style>\/*! elementor - v3.19.0 - 28-02-2024 *\/\n.elementor-column .elementor-spacer-inner{height:var(--spacer-size)}.e-con{--container-widget-width:100%}.e-con-inner>.elementor-widget-spacer,.e-con>.elementor-widget-spacer{width:var(--container-widget-width,var(--spacer-size));--align-self:var(--container-widget-align-self,initial);--flex-shrink:0}.e-con-inner>.elementor-widget-spacer>.elementor-widget-container,.e-con>.elementor-widget-spacer>.elementor-widget-container{height:100%;width:100%}.e-con-inner>.elementor-widget-spacer>.elementor-widget-container>.elementor-spacer,.e-con>.elementor-widget-spacer>.elementor-widget-container>.elementor-spacer{height:100%}.e-con-inner>.elementor-widget-spacer>.elementor-widget-container>.elementor-spacer>.elementor-spacer-inner,.e-con>.elementor-widget-spacer>.elementor-widget-container>.elementor-spacer>.elementor-spacer-inner{height:var(--container-widget-height,var(--spacer-size))}.e-con-inner>.elementor-widget-spacer.elementor-widget-empty,.e-con>.elementor-widget-spacer.elementor-widget-empty{position:relative;min-height:22px;min-width:22px}.e-con-inner>.elementor-widget-spacer.elementor-widget-empty .elementor-widget-empty-icon,.e-con>.elementor-widget-spacer.elementor-widget-empty .elementor-widget-empty-icon{position:absolute;top:0;bottom:0;left:0;right:0;margin:auto;padding:0;width:22px;height:22px}<\/style>\t\t<div class=\"elementor-spacer\">\n\t\t\t<div class=\"elementor-spacer-inner\"><\/div>\n\t\t<\/div>\n\t\t\t\t<\/div>\n\t\t\t\t<\/div>\n\t\t\t\t<div class=\"elementor-element elementor-element-ccb3b5d elementor-widget elementor-widget-heading\" data-id=\"ccb3b5d\" data-element_type=\"widget\" data-widget_type=\"heading.default\">\n\t\t\t\t<div class=\"elementor-widget-container\">\n\t\t\t<style>\/*! elementor - v3.19.0 - 28-02-2024 *\/\n.elementor-heading-title{padding:0;margin:0;line-height:1}.elementor-widget-heading .elementor-heading-title[class*=elementor-size-]>a{color:inherit;font-size:inherit;line-height:inherit}.elementor-widget-heading .elementor-heading-title.elementor-size-small{font-size:15px}.elementor-widget-heading .elementor-heading-title.elementor-size-medium{font-size:19px}.elementor-widget-heading .elementor-heading-title.elementor-size-large{font-size:29px}.elementor-widget-heading .elementor-heading-title.elementor-size-xl{font-size:39px}.elementor-widget-heading .elementor-heading-title.elementor-size-xxl{font-size:59px}<\/style><h2 class=\"elementor-heading-title elementor-size-default\">M\u00f3dos\u00edtsa vagy t\u00f6r\u00f6lje a tal\u00e1lkoz\u00f3t<\/h2>\t\t<\/div>\n\t\t\t\t<\/div>\n\t\t\t\t<div class=\"elementor-element elementor-element-85f2168 elementor-widget elementor-widget-button\" data-id=\"85f2168\" data-element_type=\"widget\" data-widget_type=\"button.default\">\n\t\t\t\t<div class=\"elementor-widget-container\">\n\t\t\t\t\t<div class=\"elementor-button-wrapper\">\n\t\t\t<a class=\"elementor-button elementor-button-link elementor-size-sm\" href=\"https:\/\/www.milvusdent.sk\/hu\/ugyfelpanel\/\">\n\t\t\t\t\t\t<span class=\"elementor-button-content-wrapper\">\n\t\t\t\t\t\t<span class=\"elementor-button-text\">\u00dcgyf\u00e9lpanel<\/span>\n\t\t<\/span>\n\t\t\t\t\t<\/a>\n\t\t<\/div>\n\t\t\t\t<\/div>\n\t\t\t\t<\/div>\n\t\t\t\t\t<\/div>\n\t\t<\/div>\n\t\t\t\t\t<\/div>\n\t\t<\/section>\n\t\t<div class=\"elementor-element elementor-element-c0c7536 e-flex e-con-boxed e-con e-parent\" data-id=\"c0c7536\" data-element_type=\"container\" data-settings=\"{&quot;container_type&quot;:&quot;flex&quot;,&quot;content_width&quot;:&quot;boxed&quot;}\" data-core-v316-plus=\"true\">\n\t\t\t\t\t<div class=\"e-con-inner\">\n\t\t<div class=\"elementor-element elementor-element-a9d6eed e-con-full e-flex e-con e-child\" data-id=\"a9d6eed\" data-element_type=\"container\" data-settings=\"{&quot;content_width&quot;:&quot;full&quot;,&quot;container_type&quot;:&quot;flex&quot;}\">\n\t\t\t\t<div class=\"elementor-element elementor-element-c90721f elementor-widget__width-inherit elementor-widget elementor-widget-image\" data-id=\"c90721f\" data-element_type=\"widget\" data-widget_type=\"image.default\">\n\t\t\t\t<div class=\"elementor-widget-container\">\n\t\t\t<style>\/*! elementor - v3.19.0 - 28-02-2024 *\/\n.elementor-widget-image{text-align:center}.elementor-widget-image a{display:inline-block}.elementor-widget-image a img[src$=\".svg\"]{width:48px}.elementor-widget-image img{vertical-align:middle;display:inline-block}<\/style>\t\t\t\t\t\t\t\t\t\t<img fetchpriority=\"high\" decoding=\"async\" width=\"2560\" height=\"1158\" src=\"https:\/\/www.milvusdent.sk\/wp-content\/uploads\/2022\/11\/IMG_2125-scaled-e1667990334290.jpg\" class=\"attachment-full size-full wp-image-1146\" alt=\"\" srcset=\"https:\/\/www.milvusdent.sk\/wp-content\/uploads\/2022\/11\/IMG_2125-scaled-e1667990334290.jpg 2560w, https:\/\/www.milvusdent.sk\/wp-content\/uploads\/2022\/11\/IMG_2125-scaled-e1667990334290-300x136.jpg 300w, https:\/\/www.milvusdent.sk\/wp-content\/uploads\/2022\/11\/IMG_2125-scaled-e1667990334290-1024x463.jpg 1024w, https:\/\/www.milvusdent.sk\/wp-content\/uploads\/2022\/11\/IMG_2125-scaled-e1667990334290-768x347.jpg 768w, https:\/\/www.milvusdent.sk\/wp-content\/uploads\/2022\/11\/IMG_2125-scaled-e1667990334290-1536x695.jpg 1536w, https:\/\/www.milvusdent.sk\/wp-content\/uploads\/2022\/11\/IMG_2125-scaled-e1667990334290-2048x926.jpg 2048w\" sizes=\"(max-width: 2560px) 100vw, 2560px\" \/>\t\t\t\t\t\t\t\t\t\t\t\t\t<\/div>\n\t\t\t\t<\/div>\n\t\t\t\t<\/div>\n\t\t<div class=\"elementor-element elementor-element-97af241 e-con-full e-flex e-con e-child\" data-id=\"97af241\" data-element_type=\"container\" data-settings=\"{&quot;content_width&quot;:&quot;full&quot;,&quot;container_type&quot;:&quot;flex&quot;}\">\n\t\t\t\t<div class=\"elementor-element elementor-element-346daf6 elementor-widget elementor-widget-text-editor\" data-id=\"346daf6\" data-element_type=\"widget\" data-widget_type=\"text-editor.default\">\n\t\t\t\t<div class=\"elementor-widget-container\">\n\t\t\t<style>\/*! elementor - v3.19.0 - 28-02-2024 *\/\n.elementor-widget-text-editor.elementor-drop-cap-view-stacked .elementor-drop-cap{background-color:#69727d;color:#fff}.elementor-widget-text-editor.elementor-drop-cap-view-framed .elementor-drop-cap{color:#69727d;border:3px solid;background-color:transparent}.elementor-widget-text-editor:not(.elementor-drop-cap-view-default) .elementor-drop-cap{margin-top:8px}.elementor-widget-text-editor:not(.elementor-drop-cap-view-default) .elementor-drop-cap-letter{width:1em;height:1em}.elementor-widget-text-editor .elementor-drop-cap{float:left;text-align:center;line-height:1;font-size:50px}.elementor-widget-text-editor .elementor-drop-cap-letter{display:inline-block}<\/style>\t\t\t\t<h2>Fog\u00e1szati \u200b\u200bklinik\u00e1nkon egyszer\u0171 id\u0151pontot foglalni. H\u00edvjon minket h\u00e9tk\u00f6znapokon <span style=\"color: #6fbe44;\">(H-P, 8:00-17:00)<\/span> a <a href=\"tel:0907177175\">0907 177 175<\/a> telefonsz\u00e1mon, \u00e9s munkat\u00e1rsaink sz\u00edvesen seg\u00edtenek az id\u0151pont egyeztet\u00e9s\u00e9ben.<\/h2>\n<p>A konzult\u00e1ci\u00f3 \u00e1ra 15 \u20ac \u00c1F\u00c1-val egy\u00fctt.<\/p>\n\t\t\t\t\t\t<\/div>\n\t\t\t\t<\/div>\n\t\t\t\t<\/div>\n\t\t\t\t\t<\/div>\n\t\t\t\t<\/div>\n\t\t\t\t<\/div>\n\t\t","protected":false},"excerpt":{"rendered":"<p>M\u00f3dos\u00edtsa vagy t\u00f6r\u00f6lje a tal\u00e1lkoz\u00f3t \u00dcgyf\u00e9lpanel Fog\u00e1szati \u200b\u200bklinik\u00e1nkon egyszer\u0171 id\u0151pontot foglalni. H\u00edvjon minket h\u00e9tk\u00f6znapokon (H-P, 8:00-17:00) a 0907 177 175 telefonsz\u00e1mon, \u00e9s munkat\u00e1rsaink sz\u00edvesen seg\u00edtenek az id\u0151pont egyeztet\u00e9s\u00e9ben. A konzult\u00e1ci\u00f3 \u00e1ra 15 \u20ac \u00c1F\u00c1-val egy\u00fctt.<\/p>\n","protected":false},"author":1,"featured_media":0,"parent":0,"menu_order":0,"comment_status":"closed","ping_status":"closed","template":"elementor_header_footer","meta":{"_acf_changed":false,"inline_featured_image":false,"footnotes":""},"class_list":["post-1205","page","type-page","status-publish","hentry"],"acf":[],"_links":{"self":[{"href":"https:\/\/www.milvusdent.sk\/hu\/wp-json\/wp\/v2\/pages\/1205","targetHints":{"allow":["GET"]}}],"collection":[{"href":"https:\/\/www.milvusdent.sk\/hu\/wp-json\/wp\/v2\/pages"}],"about":[{"href":"https:\/\/www.milvusdent.sk\/hu\/wp-json\/wp\/v2\/types\/page"}],"author":[{"embeddable":true,"href":"https:\/\/www.milvusdent.sk\/hu\/wp-json\/wp\/v2\/users\/1"}],"replies":[{"embeddable":true,"href":"https:\/\/www.milvusdent.sk\/hu\/wp-json\/wp\/v2\/comments?post=1205"}],"version-history":[{"count":9,"href":"https:\/\/www.milvusdent.sk\/hu\/wp-json\/wp\/v2\/pages\/1205\/revisions"}],"predecessor-version":[{"id":3776,"href":"https:\/\/www.milvusdent.sk\/hu\/wp-json\/wp\/v2\/pages\/1205\/revisions\/3776"}],"wp:attachment":[{"href":"https:\/\/www.milvusdent.sk\/hu\/wp-json\/wp\/v2\/media?parent=1205"}],"curies":[{"name":"wp","href":"https:\/\/api.w.org\/{rel}","templated":true}]}}