{"id":1187,"date":"2022-10-21T11:59:00","date_gmt":"2022-10-21T09:59:00","guid":{"rendered":"https:\/\/www.milvusdent.sk\/ambulans-klinikaink\/"},"modified":"2023-03-15T12:28:10","modified_gmt":"2023-03-15T11:28:10","slug":"ambulans-klinikaink","status":"publish","type":"page","link":"https:\/\/www.milvusdent.sk\/hu\/ambulans-klinikaink\/","title":{"rendered":"Ambul\u00e1ns klinik\u00e1ink"},"content":{"rendered":"\t\t<div data-elementor-type=\"wp-page\" data-elementor-id=\"1187\" class=\"elementor elementor-1187 elementor-614\" data-elementor-post-type=\"page\">\n\t\t\t\t\t\t<section class=\"elementor-section elementor-top-section elementor-element elementor-element-9e243d1 elementor-section-boxed elementor-section-height-default elementor-section-height-default\" data-id=\"9e243d1\" data-element_type=\"section\">\n\t\t\t\t\t\t<div class=\"elementor-container elementor-column-gap-default\">\n\t\t\t\t\t<div class=\"elementor-column elementor-col-50 elementor-top-column elementor-element elementor-element-cfba4d6\" data-id=\"cfba4d6\" data-element_type=\"column\">\n\t\t\t<div class=\"elementor-widget-wrap elementor-element-populated\">\n\t\t\t\t\t\t<div class=\"elementor-element elementor-element-1385d74 elementor-widget elementor-widget-image\" data-id=\"1385d74\" data-element_type=\"widget\" data-widget_type=\"image.default\">\n\t\t\t\t<div class=\"elementor-widget-container\">\n\t\t\t<style>\/*! elementor - v3.19.0 - 28-02-2024 *\/\n.elementor-widget-image{text-align:center}.elementor-widget-image a{display:inline-block}.elementor-widget-image a img[src$=\".svg\"]{width:48px}.elementor-widget-image img{vertical-align:middle;display:inline-block}<\/style>\t\t\t\t\t\t\t\t\t\t<img fetchpriority=\"high\" decoding=\"async\" width=\"800\" height=\"534\" src=\"https:\/\/www.milvusdent.sk\/wp-content\/uploads\/2022\/11\/IMG_2245-1024x683.jpg\" class=\"attachment-large size-large wp-image-1136\" alt=\"\" srcset=\"https:\/\/www.milvusdent.sk\/wp-content\/uploads\/2022\/11\/IMG_2245-1024x683.jpg 1024w, https:\/\/www.milvusdent.sk\/wp-content\/uploads\/2022\/11\/IMG_2245-300x200.jpg 300w, https:\/\/www.milvusdent.sk\/wp-content\/uploads\/2022\/11\/IMG_2245-768x512.jpg 768w, https:\/\/www.milvusdent.sk\/wp-content\/uploads\/2022\/11\/IMG_2245-1536x1024.jpg 1536w, https:\/\/www.milvusdent.sk\/wp-content\/uploads\/2022\/11\/IMG_2245-2048x1365.jpg 2048w\" sizes=\"(max-width: 800px) 100vw, 800px\" \/>\t\t\t\t\t\t\t\t\t\t\t\t\t<\/div>\n\t\t\t\t<\/div>\n\t\t\t\t\t<\/div>\n\t\t<\/div>\n\t\t\t\t<div class=\"elementor-column elementor-col-50 elementor-top-column elementor-element elementor-element-4ffe9e3\" data-id=\"4ffe9e3\" data-element_type=\"column\">\n\t\t\t<div class=\"elementor-widget-wrap elementor-element-populated\">\n\t\t\t\t\t\t<section class=\"elementor-section elementor-inner-section elementor-element elementor-element-d1db0b8 elementor-section-boxed elementor-section-height-default elementor-section-height-default\" data-id=\"d1db0b8\" data-element_type=\"section\">\n\t\t\t\t\t\t<div class=\"elementor-container elementor-column-gap-default\">\n\t\t\t\t\t<div class=\"elementor-column elementor-col-100 elementor-inner-column elementor-element elementor-element-446d31c\" data-id=\"446d31c\" data-element_type=\"column\">\n\t\t\t<div class=\"elementor-widget-wrap elementor-element-populated\">\n\t\t\t\t\t\t<div class=\"elementor-element elementor-element-c3e07db elementor-position-left elementor-vertical-align-middle elementor-view-default elementor-mobile-position-top elementor-widget elementor-widget-icon-box\" data-id=\"c3e07db\" data-element_type=\"widget\" data-widget_type=\"icon-box.default\">\n\t\t\t\t<div class=\"elementor-widget-container\">\n\t\t\t<link rel=\"stylesheet\" href=\"https:\/\/www.milvusdent.sk\/wp-content\/plugins\/elementor\/assets\/css\/widget-icon-box.min.css\">\t\t<div class=\"elementor-icon-box-wrapper\">\n\t\t\t\t\t\t<div class=\"elementor-icon-box-icon\">\n\t\t\t\t<span  class=\"elementor-icon elementor-animation-\">\n\t\t\t\t<svg xmlns=\"http:\/\/www.w3.org\/2000\/svg\" fill-rule=\"evenodd\" clip-rule=\"evenodd\" viewBox=\"0 0 469 512.42\"><path fill-rule=\"nonzero\" d=\"M191.82 93.36c27.85 0 53.07 11.31 71.31 29.54 18.23 18.24 29.53 43.46 29.53 71.3 0 27.85-11.3 53.07-29.53 71.31-18.24 18.23-43.46 29.53-71.31 29.53-27.84 0-53.07-11.3-71.3-29.53-18.23-18.24-29.54-43.46-29.54-71.31 0-27.84 11.31-53.06 29.54-71.3 18.23-18.23 43.46-29.54 71.3-29.54zm175.12 240.26c7.29 7.31 4.61 18.57-2.99 24.77-7.33 5.91-20.6 8.77-28.16 1.81-7.62-7.1-4.59-18.53 2.72-24.79 7.05-5.92 20.99-9.19 28.43-1.79zm-43.09 95.76h6.23v-40.57h-11.8c0-16.08 29.5-5.63 51.22-11.1v51.67h8.21v17.27h-53.86v-17.27zM348 270.39c33.39 0 63.66 13.55 85.56 35.44C455.45 327.73 469 358 469 391.4c0 33.39-13.55 63.68-35.44 85.57l-.65.61c-21.84 21.53-51.85 34.84-84.91 34.84-33.36 0-63.65-13.57-85.54-35.45-21.92-21.93-35.49-52.22-35.49-85.57 0-33.38 13.57-63.63 35.45-85.52 21.89-21.94 52.18-35.49 85.58-35.49zm69.06 51.95c-17.67-17.67-42.11-28.6-69.06-28.6-26.96 0-51.42 10.93-69.08 28.6-17.64 17.64-28.59 42.1-28.59 69.06 0 26.97 10.95 51.43 28.57 69.09 17.66 17.63 42.12 28.57 69.1 28.57 26.7 0 50.94-10.73 68.56-28.06l.5-.53c17.66-17.66 28.59-42.12 28.59-69.07 0-26.96-10.93-51.4-28.59-69.06zM197.53 485.87c7.57-4.8 14.91-9.92 22.02-15.28 4.04 6.54 8.55 12.74 13.51 18.57-9.26 6.93-18.87 13.49-28.85 19.58-3.7 2.73-8.88 3.07-13 .47-44.87-28.51-82.58-62.92-112.28-100.19C38.05 357.7 12.26 300.79 3.44 246.01c-8.96-55.55-.56-109.03 27.07-152.51C41.4 76.35 55.34 60.72 72.38 47.15 111.36 16.08 156.01-.37 200.29.01c42.69.35 84.97 16.28 121.48 49.6 12.8 11.7 23.59 24.97 32.37 39.46 26.56 43.85 34.52 98.6 26.55 154.99-7.41-1.63-14.97-2.71-22.73-3.23 7.27-51.33.26-100.76-23.43-139.86-7.6-12.53-17-24.09-28.24-34.35-32.14-29.32-69.08-43.36-106.2-43.65-38.97-.32-78.53 14.37-113.42 42.18C71.78 77 59.56 90.73 49.97 105.83c-24.52 38.59-31.92 86.5-23.85 136.6 8.19 50.88 32.39 104.07 70.81 152.29 26.78 33.6 60.51 64.79 100.6 91.15zm49.33-346.7c-14.06-14.06-33.55-22.81-55.04-22.81-21.48 0-40.97 8.75-55.03 22.81-14.06 14.06-22.81 33.55-22.81 55.03 0 21.49 8.75 40.98 22.81 55.04 14.06 14.06 33.55 22.8 55.03 22.8 21.49 0 40.98-8.74 55.04-22.8 14.06-14.06 22.8-33.55 22.8-55.04 0-21.48-8.74-40.97-22.8-55.03z\"><\/path><\/svg>\t\t\t\t<\/span>\n\t\t\t<\/div>\n\t\t\t\t\t\t<div class=\"elementor-icon-box-content\">\n\t\t\t\t<h3 class=\"elementor-icon-box-title\">\n\t\t\t\t\t<span  >\n\t\t\t\t\t\tC\u00edm\t\t\t\t\t<\/span>\n\t\t\t\t<\/h3>\n\t\t\t\t\t\t\t\t\t<p class=\"elementor-icon-box-description\">\n\t\t\t\t\t\tVe\u013ek\u00fd Krt\u00ed\u0161 Nemocni\u010dn\u00e1 1, 990 01\t\t\t\t\t<\/p>\n\t\t\t\t\t\t\t<\/div>\n\t\t<\/div>\n\t\t\t\t<\/div>\n\t\t\t\t<\/div>\n\t\t\t\t<div class=\"elementor-element elementor-element-d0b3336 elementor-widget elementor-widget-heading\" data-id=\"d0b3336\" data-element_type=\"widget\" data-widget_type=\"heading.default\">\n\t\t\t\t<div class=\"elementor-widget-container\">\n\t\t\t<style>\/*! elementor - v3.19.0 - 28-02-2024 *\/\n.elementor-heading-title{padding:0;margin:0;line-height:1}.elementor-widget-heading .elementor-heading-title[class*=elementor-size-]>a{color:inherit;font-size:inherit;line-height:inherit}.elementor-widget-heading .elementor-heading-title.elementor-size-small{font-size:15px}.elementor-widget-heading .elementor-heading-title.elementor-size-medium{font-size:19px}.elementor-widget-heading .elementor-heading-title.elementor-size-large{font-size:29px}.elementor-widget-heading .elementor-heading-title.elementor-size-xl{font-size:39px}.elementor-widget-heading .elementor-heading-title.elementor-size-xxl{font-size:59px}<\/style><h3 class=\"elementor-heading-title elementor-size-default\">Nyitva tart\u00e1s<\/h3>\t\t<\/div>\n\t\t\t\t<\/div>\n\t\t\t\t<div class=\"elementor-element elementor-element-a1cecd7 elementor-widget-divider--view-line elementor-widget elementor-widget-divider\" data-id=\"a1cecd7\" data-element_type=\"widget\" data-widget_type=\"divider.default\">\n\t\t\t\t<div class=\"elementor-widget-container\">\n\t\t\t<style>\/*! elementor - v3.19.0 - 28-02-2024 *\/\n.elementor-widget-divider{--divider-border-style:none;--divider-border-width:1px;--divider-color:#0c0d0e;--divider-icon-size:20px;--divider-element-spacing:10px;--divider-pattern-height:24px;--divider-pattern-size:20px;--divider-pattern-url:none;--divider-pattern-repeat:repeat-x}.elementor-widget-divider .elementor-divider{display:flex}.elementor-widget-divider .elementor-divider__text{font-size:15px;line-height:1;max-width:95%}.elementor-widget-divider .elementor-divider__element{margin:0 var(--divider-element-spacing);flex-shrink:0}.elementor-widget-divider .elementor-icon{font-size:var(--divider-icon-size)}.elementor-widget-divider .elementor-divider-separator{display:flex;margin:0;direction:ltr}.elementor-widget-divider--view-line_icon .elementor-divider-separator,.elementor-widget-divider--view-line_text .elementor-divider-separator{align-items:center}.elementor-widget-divider--view-line_icon .elementor-divider-separator:after,.elementor-widget-divider--view-line_icon .elementor-divider-separator:before,.elementor-widget-divider--view-line_text .elementor-divider-separator:after,.elementor-widget-divider--view-line_text .elementor-divider-separator:before{display:block;content:\"\";border-block-end:0;flex-grow:1;border-block-start:var(--divider-border-width) var(--divider-border-style) var(--divider-color)}.elementor-widget-divider--element-align-left .elementor-divider .elementor-divider-separator>.elementor-divider__svg:first-of-type{flex-grow:0;flex-shrink:100}.elementor-widget-divider--element-align-left .elementor-divider-separator:before{content:none}.elementor-widget-divider--element-align-left .elementor-divider__element{margin-left:0}.elementor-widget-divider--element-align-right .elementor-divider .elementor-divider-separator>.elementor-divider__svg:last-of-type{flex-grow:0;flex-shrink:100}.elementor-widget-divider--element-align-right .elementor-divider-separator:after{content:none}.elementor-widget-divider--element-align-right .elementor-divider__element{margin-right:0}.elementor-widget-divider--element-align-start .elementor-divider .elementor-divider-separator>.elementor-divider__svg:first-of-type{flex-grow:0;flex-shrink:100}.elementor-widget-divider--element-align-start .elementor-divider-separator:before{content:none}.elementor-widget-divider--element-align-start .elementor-divider__element{margin-inline-start:0}.elementor-widget-divider--element-align-end .elementor-divider .elementor-divider-separator>.elementor-divider__svg:last-of-type{flex-grow:0;flex-shrink:100}.elementor-widget-divider--element-align-end .elementor-divider-separator:after{content:none}.elementor-widget-divider--element-align-end .elementor-divider__element{margin-inline-end:0}.elementor-widget-divider:not(.elementor-widget-divider--view-line_text):not(.elementor-widget-divider--view-line_icon) .elementor-divider-separator{border-block-start:var(--divider-border-width) var(--divider-border-style) var(--divider-color)}.elementor-widget-divider--separator-type-pattern{--divider-border-style:none}.elementor-widget-divider--separator-type-pattern.elementor-widget-divider--view-line .elementor-divider-separator,.elementor-widget-divider--separator-type-pattern:not(.elementor-widget-divider--view-line) .elementor-divider-separator:after,.elementor-widget-divider--separator-type-pattern:not(.elementor-widget-divider--view-line) .elementor-divider-separator:before,.elementor-widget-divider--separator-type-pattern:not([class*=elementor-widget-divider--view]) .elementor-divider-separator{width:100%;min-height:var(--divider-pattern-height);-webkit-mask-size:var(--divider-pattern-size) 100%;mask-size:var(--divider-pattern-size) 100%;-webkit-mask-repeat:var(--divider-pattern-repeat);mask-repeat:var(--divider-pattern-repeat);background-color:var(--divider-color);-webkit-mask-image:var(--divider-pattern-url);mask-image:var(--divider-pattern-url)}.elementor-widget-divider--no-spacing{--divider-pattern-size:auto}.elementor-widget-divider--bg-round{--divider-pattern-repeat:round}.rtl .elementor-widget-divider .elementor-divider__text{direction:rtl}.e-con-inner>.elementor-widget-divider,.e-con>.elementor-widget-divider{width:var(--container-widget-width,100%);--flex-grow:var(--container-widget-flex-grow)}<\/style>\t\t<div class=\"elementor-divider\">\n\t\t\t<span class=\"elementor-divider-separator\">\n\t\t\t\t\t\t<\/span>\n\t\t<\/div>\n\t\t\t\t<\/div>\n\t\t\t\t<\/div>\n\t\t\t\t<div class=\"elementor-element elementor-element-aa544fa elementor-icon-list--layout-traditional elementor-list-item-link-full_width elementor-widget elementor-widget-icon-list\" data-id=\"aa544fa\" data-element_type=\"widget\" data-widget_type=\"icon-list.default\">\n\t\t\t\t<div class=\"elementor-widget-container\">\n\t\t\t<link rel=\"stylesheet\" href=\"https:\/\/www.milvusdent.sk\/wp-content\/plugins\/elementor\/assets\/css\/widget-icon-list.min.css\">\t\t<ul class=\"elementor-icon-list-items\">\n\t\t\t\t\t\t\t<li class=\"elementor-icon-list-item\">\n\t\t\t\t\t\t\t\t\t\t<span class=\"elementor-icon-list-text\"><b>H\u00e9tf\u0151 - p\u00e9ntek<\/b> 8:00 - 20:00<\/span>\n\t\t\t\t\t\t\t\t\t<\/li>\n\t\t\t\t\t\t\t\t<li class=\"elementor-icon-list-item\">\n\t\t\t\t\t\t\t\t\t\t<span class=\"elementor-icon-list-text\"><b>Szombat<\/b> 8:00 - 17:00<\/span>\n\t\t\t\t\t\t\t\t\t<\/li>\n\t\t\t\t\t\t\t\t<li class=\"elementor-icon-list-item\">\n\t\t\t\t\t\t\t\t\t\t<span class=\"elementor-icon-list-text\"><b>Vas\u00e1rnap<\/b> 10:00 - 14:00<\/span>\n\t\t\t\t\t\t\t\t\t<\/li>\n\t\t\t\t\t\t<\/ul>\n\t\t\t\t<\/div>\n\t\t\t\t<\/div>\n\t\t\t\t<div class=\"elementor-element elementor-element-9ff08ba elementor-widget elementor-widget-image\" data-id=\"9ff08ba\" data-element_type=\"widget\" data-widget_type=\"image.default\">\n\t\t\t\t<div class=\"elementor-widget-container\">\n\t\t\t\t\t\t\t\t\t\t\t\t\t<img decoding=\"async\" width=\"800\" height=\"174\" src=\"https:\/\/www.milvusdent.sk\/wp-content\/uploads\/2022\/11\/COA-fin-podpora-1024x223.jpg\" class=\"attachment-large size-large wp-image-1154\" alt=\"\" srcset=\"https:\/\/www.milvusdent.sk\/wp-content\/uploads\/2022\/11\/COA-fin-podpora-1024x223.jpg 1024w, https:\/\/www.milvusdent.sk\/wp-content\/uploads\/2022\/11\/COA-fin-podpora-300x65.jpg 300w, https:\/\/www.milvusdent.sk\/wp-content\/uploads\/2022\/11\/COA-fin-podpora-768x167.jpg 768w, https:\/\/www.milvusdent.sk\/wp-content\/uploads\/2022\/11\/COA-fin-podpora.jpg 1074w\" sizes=\"(max-width: 800px) 100vw, 800px\" \/>\t\t\t\t\t\t\t\t\t\t\t\t\t<\/div>\n\t\t\t\t<\/div>\n\t\t\t\t\t<\/div>\n\t\t<\/div>\n\t\t\t\t\t<\/div>\n\t\t<\/section>\n\t\t\t\t\t<\/div>\n\t\t<\/div>\n\t\t\t\t\t<\/div>\n\t\t<\/section>\n\t\t\t\t<section class=\"elementor-section elementor-top-section elementor-element elementor-element-cfb8821 elementor-section-boxed elementor-section-height-default elementor-section-height-default\" data-id=\"cfb8821\" data-element_type=\"section\">\n\t\t\t\t\t\t<div class=\"elementor-container elementor-column-gap-default\">\n\t\t\t\t\t<div class=\"elementor-column elementor-col-50 elementor-top-column elementor-element elementor-element-56dedbc\" data-id=\"56dedbc\" data-element_type=\"column\">\n\t\t\t<div class=\"elementor-widget-wrap elementor-element-populated\">\n\t\t\t\t\t\t<div class=\"elementor-element elementor-element-7ec5b5c elementor-widget elementor-widget-image\" data-id=\"7ec5b5c\" data-element_type=\"widget\" data-widget_type=\"image.default\">\n\t\t\t\t<div class=\"elementor-widget-container\">\n\t\t\t\t\t\t\t\t\t\t\t\t\t<img decoding=\"async\" width=\"800\" height=\"533\" src=\"https:\/\/www.milvusdent.sk\/wp-content\/uploads\/2022\/10\/286559807_397073409034495_5727075133654638746_n-1024x682.jpg\" class=\"attachment-large size-large wp-image-1128\" alt=\"\" srcset=\"https:\/\/www.milvusdent.sk\/wp-content\/uploads\/2022\/10\/286559807_397073409034495_5727075133654638746_n-1024x682.jpg 1024w, https:\/\/www.milvusdent.sk\/wp-content\/uploads\/2022\/10\/286559807_397073409034495_5727075133654638746_n-300x200.jpg 300w, https:\/\/www.milvusdent.sk\/wp-content\/uploads\/2022\/10\/286559807_397073409034495_5727075133654638746_n-768x512.jpg 768w, https:\/\/www.milvusdent.sk\/wp-content\/uploads\/2022\/10\/286559807_397073409034495_5727075133654638746_n-1536x1023.jpg 1536w, https:\/\/www.milvusdent.sk\/wp-content\/uploads\/2022\/10\/286559807_397073409034495_5727075133654638746_n.jpg 2048w\" sizes=\"(max-width: 800px) 100vw, 800px\" \/>\t\t\t\t\t\t\t\t\t\t\t\t\t<\/div>\n\t\t\t\t<\/div>\n\t\t\t\t\t<\/div>\n\t\t<\/div>\n\t\t\t\t<div class=\"elementor-column elementor-col-50 elementor-top-column elementor-element elementor-element-64407c5\" data-id=\"64407c5\" data-element_type=\"column\">\n\t\t\t<div class=\"elementor-widget-wrap elementor-element-populated\">\n\t\t\t\t\t\t<section class=\"elementor-section elementor-inner-section elementor-element elementor-element-014c70a elementor-section-boxed elementor-section-height-default elementor-section-height-default\" data-id=\"014c70a\" data-element_type=\"section\">\n\t\t\t\t\t\t<div class=\"elementor-container elementor-column-gap-default\">\n\t\t\t\t\t<div class=\"elementor-column elementor-col-100 elementor-inner-column elementor-element elementor-element-67c6260\" data-id=\"67c6260\" data-element_type=\"column\">\n\t\t\t<div class=\"elementor-widget-wrap elementor-element-populated\">\n\t\t\t\t\t\t<div class=\"elementor-element elementor-element-d3ff056 elementor-position-left elementor-vertical-align-middle elementor-view-default elementor-mobile-position-top elementor-widget elementor-widget-icon-box\" data-id=\"d3ff056\" data-element_type=\"widget\" data-widget_type=\"icon-box.default\">\n\t\t\t\t<div class=\"elementor-widget-container\">\n\t\t\t\t\t<div class=\"elementor-icon-box-wrapper\">\n\t\t\t\t\t\t<div class=\"elementor-icon-box-icon\">\n\t\t\t\t<span  class=\"elementor-icon elementor-animation-\">\n\t\t\t\t<svg xmlns=\"http:\/\/www.w3.org\/2000\/svg\" fill-rule=\"evenodd\" clip-rule=\"evenodd\" viewBox=\"0 0 469 512.42\"><path fill-rule=\"nonzero\" d=\"M191.82 93.36c27.85 0 53.07 11.31 71.31 29.54 18.23 18.24 29.53 43.46 29.53 71.3 0 27.85-11.3 53.07-29.53 71.31-18.24 18.23-43.46 29.53-71.31 29.53-27.84 0-53.07-11.3-71.3-29.53-18.23-18.24-29.54-43.46-29.54-71.31 0-27.84 11.31-53.06 29.54-71.3 18.23-18.23 43.46-29.54 71.3-29.54zm175.12 240.26c7.29 7.31 4.61 18.57-2.99 24.77-7.33 5.91-20.6 8.77-28.16 1.81-7.62-7.1-4.59-18.53 2.72-24.79 7.05-5.92 20.99-9.19 28.43-1.79zm-43.09 95.76h6.23v-40.57h-11.8c0-16.08 29.5-5.63 51.22-11.1v51.67h8.21v17.27h-53.86v-17.27zM348 270.39c33.39 0 63.66 13.55 85.56 35.44C455.45 327.73 469 358 469 391.4c0 33.39-13.55 63.68-35.44 85.57l-.65.61c-21.84 21.53-51.85 34.84-84.91 34.84-33.36 0-63.65-13.57-85.54-35.45-21.92-21.93-35.49-52.22-35.49-85.57 0-33.38 13.57-63.63 35.45-85.52 21.89-21.94 52.18-35.49 85.58-35.49zm69.06 51.95c-17.67-17.67-42.11-28.6-69.06-28.6-26.96 0-51.42 10.93-69.08 28.6-17.64 17.64-28.59 42.1-28.59 69.06 0 26.97 10.95 51.43 28.57 69.09 17.66 17.63 42.12 28.57 69.1 28.57 26.7 0 50.94-10.73 68.56-28.06l.5-.53c17.66-17.66 28.59-42.12 28.59-69.07 0-26.96-10.93-51.4-28.59-69.06zM197.53 485.87c7.57-4.8 14.91-9.92 22.02-15.28 4.04 6.54 8.55 12.74 13.51 18.57-9.26 6.93-18.87 13.49-28.85 19.58-3.7 2.73-8.88 3.07-13 .47-44.87-28.51-82.58-62.92-112.28-100.19C38.05 357.7 12.26 300.79 3.44 246.01c-8.96-55.55-.56-109.03 27.07-152.51C41.4 76.35 55.34 60.72 72.38 47.15 111.36 16.08 156.01-.37 200.29.01c42.69.35 84.97 16.28 121.48 49.6 12.8 11.7 23.59 24.97 32.37 39.46 26.56 43.85 34.52 98.6 26.55 154.99-7.41-1.63-14.97-2.71-22.73-3.23 7.27-51.33.26-100.76-23.43-139.86-7.6-12.53-17-24.09-28.24-34.35-32.14-29.32-69.08-43.36-106.2-43.65-38.97-.32-78.53 14.37-113.42 42.18C71.78 77 59.56 90.73 49.97 105.83c-24.52 38.59-31.92 86.5-23.85 136.6 8.19 50.88 32.39 104.07 70.81 152.29 26.78 33.6 60.51 64.79 100.6 91.15zm49.33-346.7c-14.06-14.06-33.55-22.81-55.04-22.81-21.48 0-40.97 8.75-55.03 22.81-14.06 14.06-22.81 33.55-22.81 55.03 0 21.49 8.75 40.98 22.81 55.04 14.06 14.06 33.55 22.8 55.03 22.8 21.49 0 40.98-8.74 55.04-22.8 14.06-14.06 22.8-33.55 22.8-55.04 0-21.48-8.74-40.97-22.8-55.03z\"><\/path><\/svg>\t\t\t\t<\/span>\n\t\t\t<\/div>\n\t\t\t\t\t\t<div class=\"elementor-icon-box-content\">\n\t\t\t\t<h3 class=\"elementor-icon-box-title\">\n\t\t\t\t\t<span  >\n\t\t\t\t\t\tC\u00edm\t\t\t\t\t<\/span>\n\t\t\t\t<\/h3>\n\t\t\t\t\t\t\t\t\t<p class=\"elementor-icon-box-description\">\n\t\t\t\t\t\tBalog nad Ip\u013eom Hlavn\u00e1 4\/75, 991 11\t\t\t\t\t<\/p>\n\t\t\t\t\t\t\t<\/div>\n\t\t<\/div>\n\t\t\t\t<\/div>\n\t\t\t\t<\/div>\n\t\t\t\t<div class=\"elementor-element elementor-element-0f9a1c1 elementor-widget elementor-widget-heading\" data-id=\"0f9a1c1\" data-element_type=\"widget\" data-widget_type=\"heading.default\">\n\t\t\t\t<div class=\"elementor-widget-container\">\n\t\t\t<h3 class=\"elementor-heading-title elementor-size-default\">Nyitva tart\u00e1s<\/h3>\t\t<\/div>\n\t\t\t\t<\/div>\n\t\t\t\t<div class=\"elementor-element elementor-element-2980ebe elementor-widget-divider--view-line elementor-widget elementor-widget-divider\" data-id=\"2980ebe\" data-element_type=\"widget\" data-widget_type=\"divider.default\">\n\t\t\t\t<div class=\"elementor-widget-container\">\n\t\t\t\t\t<div class=\"elementor-divider\">\n\t\t\t<span class=\"elementor-divider-separator\">\n\t\t\t\t\t\t<\/span>\n\t\t<\/div>\n\t\t\t\t<\/div>\n\t\t\t\t<\/div>\n\t\t\t\t<div class=\"elementor-element elementor-element-df2e85f elementor-icon-list--layout-traditional elementor-list-item-link-full_width elementor-widget elementor-widget-icon-list\" data-id=\"df2e85f\" data-element_type=\"widget\" data-widget_type=\"icon-list.default\">\n\t\t\t\t<div class=\"elementor-widget-container\">\n\t\t\t\t\t<ul class=\"elementor-icon-list-items\">\n\t\t\t\t\t\t\t<li class=\"elementor-icon-list-item\">\n\t\t\t\t\t\t\t\t\t\t<span class=\"elementor-icon-list-text\"><b>H\u00e9tf\u0151 - p\u00e9ntek<\/b> 8:00 - 18:00<\/span>\n\t\t\t\t\t\t\t\t\t<\/li>\n\t\t\t\t\t\t\t\t<li class=\"elementor-icon-list-item\">\n\t\t\t\t\t\t\t\t\t\t<span class=\"elementor-icon-list-text\"><b>Szombat<\/b> 10:00 - 17:00<\/span>\n\t\t\t\t\t\t\t\t\t<\/li>\n\t\t\t\t\t\t\t\t<li class=\"elementor-icon-list-item\">\n\t\t\t\t\t\t\t\t\t\t<span class=\"elementor-icon-list-text\"><b>Vas\u00e1rnap<\/b> Z\u00e1rva<\/span>\n\t\t\t\t\t\t\t\t\t<\/li>\n\t\t\t\t\t\t<\/ul>\n\t\t\t\t<\/div>\n\t\t\t\t<\/div>\n\t\t\t\t\t<\/div>\n\t\t<\/div>\n\t\t\t\t\t<\/div>\n\t\t<\/section>\n\t\t\t\t\t<\/div>\n\t\t<\/div>\n\t\t\t\t\t<\/div>\n\t\t<\/section>\n\t\t\t\t<\/div>\n\t\t","protected":false},"excerpt":{"rendered":"<p>C\u00edm Ve\u013ek\u00fd Krt\u00ed\u0161 Nemocni\u010dn\u00e1 1, 990 01 Nyitva tart\u00e1s H\u00e9tf\u0151 &#8211; p\u00e9ntek 8:00 &#8211; 20:00 Szombat 8:00 &#8211; 17:00 Vas\u00e1rnap 10:00 &#8211; 14:00 C\u00edm Balog nad Ip\u013eom Hlavn\u00e1 4\/75, 991 11 Nyitva tart\u00e1s H\u00e9tf\u0151 &#8211; p\u00e9ntek 8:00 &#8211; 18:00 Szombat 10:00 &#8211; 17:00 Vas\u00e1rnap Z\u00e1rva<\/p>\n","protected":false},"author":1,"featured_media":0,"parent":0,"menu_order":0,"comment_status":"closed","ping_status":"closed","template":"elementor_header_footer","meta":{"_acf_changed":false,"inline_featured_image":false,"footnotes":""},"class_list":["post-1187","page","type-page","status-publish","hentry"],"acf":[],"_links":{"self":[{"href":"https:\/\/www.milvusdent.sk\/hu\/wp-json\/wp\/v2\/pages\/1187","targetHints":{"allow":["GET"]}}],"collection":[{"href":"https:\/\/www.milvusdent.sk\/hu\/wp-json\/wp\/v2\/pages"}],"about":[{"href":"https:\/\/www.milvusdent.sk\/hu\/wp-json\/wp\/v2\/types\/page"}],"author":[{"embeddable":true,"href":"https:\/\/www.milvusdent.sk\/hu\/wp-json\/wp\/v2\/users\/1"}],"replies":[{"embeddable":true,"href":"https:\/\/www.milvusdent.sk\/hu\/wp-json\/wp\/v2\/comments?post=1187"}],"version-history":[{"count":3,"href":"https:\/\/www.milvusdent.sk\/hu\/wp-json\/wp\/v2\/pages\/1187\/revisions"}],"predecessor-version":[{"id":1190,"href":"https:\/\/www.milvusdent.sk\/hu\/wp-json\/wp\/v2\/pages\/1187\/revisions\/1190"}],"wp:attachment":[{"href":"https:\/\/www.milvusdent.sk\/hu\/wp-json\/wp\/v2\/media?parent=1187"}],"curies":[{"name":"wp","href":"https:\/\/api.w.org\/{rel}","templated":true}]}}